{"id":72,"date":"2019-11-23T21:44:23","date_gmt":"2019-11-23T20:44:23","guid":{"rendered":"https:\/\/burgblaeser.de\/wordpress\/?page_id=72"},"modified":"2024-09-27T11:30:09","modified_gmt":"2024-09-27T09:30:09","slug":"aktive-mitgliedschaft","status":"publish","type":"page","link":"https:\/\/burgblaeser.de\/wordpress\/mitgliedschaft\/aktive-mitgliedschaft\/","title":{"rendered":"Aktive Mitgliedschaft"},"content":{"rendered":"\n<p>Als aktives Mitglied im Musikverein wirst du Mitglied einer geselligen und fr\u00f6hlichen Runde von Musikerinnen und Musikern.<\/p>\n\n\n\n<p>Wir absolvieren im Jahr ca. 40 Proben und 30-40 Auftritte, bei welchen wir mit viel Spa\u00df bei der Sache sind.<\/p>\n\n\n\n<p>Daneben finden auch gesellige Zusammenk\u00fcnfte wie z.B. unser j\u00e4hrlicher Wandertag oder die Weihnachtsfeier statt, bei welchen nicht unbedingt die Musik den Schwerpunkt bildet.<\/p>\n\n\n\n<p>Wir freuen uns immer \u00fcber neue Mitglieder (egal, ob diese bereits ein Instrument spielen k\u00f6nnen oder dies zun\u00e4chst noch lernen m\u00fcssen). <\/p>\n\n\n\n<p><\/p>\n","protected":false},"excerpt":{"rendered":"<p>Als aktives Mitglied im Musikverein wirst du Mitglied einer geselligen und fr\u00f6hlichen Runde von Musikerinnen und Musikern. Wir absolvieren im Jahr ca. 40 Proben und 30-40 Auftritte, bei welchen wir mit viel Spa\u00df bei der Sache sind. Daneben finden auch<\/p>\n","protected":false},"author":1,"featured_media":0,"parent":68,"menu_order":1,"comment_status":"closed","ping_status":"closed","template":"","meta":{"footnotes":""},"class_list":["post-72","page","type-page","status-publish","hentry"],"_links":{"self":[{"href":"https:\/\/burgblaeser.de\/wordpress\/wp-json\/wp\/v2\/pages\/72","targetHints":{"allow":["GET"]}}],"collection":[{"href":"https:\/\/burgblaeser.de\/wordpress\/wp-json\/wp\/v2\/pages"}],"about":[{"href":"https:\/\/burgblaeser.de\/wordpress\/wp-json\/wp\/v2\/types\/page"}],"author":[{"embeddable":true,"href":"https:\/\/burgblaeser.de\/wordpress\/wp-json\/wp\/v2\/users\/1"}],"replies":[{"embeddable":true,"href":"https:\/\/burgblaeser.de\/wordpress\/wp-json\/wp\/v2\/comments?post=72"}],"version-history":[{"count":5,"href":"https:\/\/burgblaeser.de\/wordpress\/wp-json\/wp\/v2\/pages\/72\/revisions"}],"predecessor-version":[{"id":395,"href":"https:\/\/burgblaeser.de\/wordpress\/wp-json\/wp\/v2\/pages\/72\/revisions\/395"}],"up":[{"embeddable":true,"href":"https:\/\/burgblaeser.de\/wordpress\/wp-json\/wp\/v2\/pages\/68"}],"wp:attachment":[{"href":"https:\/\/burgblaeser.de\/wordpress\/wp-json\/wp\/v2\/media?parent=72"}],"curies":[{"name":"wp","href":"https:\/\/api.w.org\/{rel}","templated":true}]}}