{"id":612,"date":"2024-11-05T09:33:47","date_gmt":"2024-11-05T08:33:47","guid":{"rendered":"https:\/\/burgblaeser.de\/wordpress\/?page_id=612"},"modified":"2024-11-05T09:35:26","modified_gmt":"2024-11-05T08:35:26","slug":"nachwuchsausbildung-ausbildung","status":"publish","type":"page","link":"https:\/\/burgblaeser.de\/wordpress\/mitgliedschaft\/nachwuchsausbildung-ausbildung\/","title":{"rendered":"Nachwuchsausbildung\/Ausbildung"},"content":{"rendered":"\n<figure class=\"wp-block-image size-full\"><img loading=\"lazy\" decoding=\"async\" width=\"13414\" height=\"9479\" src=\"https:\/\/burgblaeser.de\/wordpress\/wp-content\/uploads\/2024\/11\/musikalische-Frueherziehung_zu-spaet.jpg\" alt=\"\" class=\"wp-image-613\"\/><\/figure>\n\n\n\n<p><\/p>\n\n\n\n<h2 class=\"wp-block-heading\">Musikalische Fr\u00fcherziehung<\/h2>\n\n\n\n<p><\/p>\n\n\n\n<p>F\u00fcr das Jahr 2024\/2025 hat der Kurs bereits begonnen, ein Zwischeneinstieg ist nicht m\u00f6glich.<\/p>\n\n\n\n<p>Im kommenden Jahr werden wir erneut eine Ausschreibung vornehmen, sodass Sie zu einem sp\u00e4teren Zeitpunkt hier weitere Informationen finden werden.<\/p>\n\n\n\n<p><\/p>\n\n\n\n<p><\/p>\n\n\n\n<h2 class=\"wp-block-heading\">Ausbildung<\/h2>\n\n\n\n<p><\/p>\n\n\n\n<p>Ein Einstieg ab 8 Jahren ist auch unterj\u00e4hrig m\u00f6glich (unabh\u00e4ngig von der musikalischen Fr\u00fcherziehung).<\/p>\n\n\n\n<p><strong>Kinder ab 8 Jahren<\/strong><br>Je nach Entwicklung des Kindes ist direkt der Start mit einem Instrument des Orchesters m\u00f6glich.<br>Da dies jedoch sehr individuell ist, bitten wir hier um direkte Kontaktaufnahme mit unserer Dirigentin <a href=\"mailto:jennifer.menden@burgblaeser.de?subject=Anfrage%20Ausbildung\"><mark style=\"background-color:rgba(0, 0, 0, 0)\" class=\"has-inline-color has-vivid-cyan-blue-color\">Jennifer Menden<\/mark><\/a> oder einem Mitglied des <a href=\"https:\/\/burgblaeser.de\/wordpress\/wir-ueber-uns\/vorstand\/\" data-type=\"page\" data-id=\"15\"><mark style=\"background-color:rgba(0, 0, 0, 0)\" class=\"has-inline-color has-vivid-cyan-blue-color\">Vorstandes<\/mark><\/a>.<\/p>\n\n\n\n<p><strong>Kosten<\/strong><br>Die Auszubildenden werden Mitglied bei den Burgbl\u00e4sern, was mit einem Jahresbeitrag von aktuell <br>40,- \u20ac verbunden ist. Der Jahresbeitrag wird aufgrund eines sp\u00e4ten Eintritts im Jahr nicht erm\u00e4\u00dfigt, die Erstausstattung mit dem Unterrichtsmaterial (Noten, etc.) wird jedoch vom Verein getragen.<br>Dar\u00fcber hinaus ist monatlich ein Betrag i.H.v. 50,- \u20ac durch Lastschrifteinzug zu entrichten.<br>Die Ausbildung ist auf einen Zeitraum von 12 Monaten begrenzt.<br>Innerhalb der Ferien RLP findet kein Unterricht statt, der monatliche Beitrag ist dennoch fortlaufend zu entrichten.<\/p>\n\n\n\n<p><\/p>\n","protected":false},"excerpt":{"rendered":"<p>Musikalische Fr\u00fcherziehung F\u00fcr das Jahr 2024\/2025 hat der Kurs bereits begonnen, ein Zwischeneinstieg ist nicht m\u00f6glich. Im kommenden Jahr werden wir erneut eine Ausschreibung vornehmen, sodass Sie zu einem sp\u00e4teren Zeitpunkt hier weitere Informationen finden werden. Ausbildung Ein Einstieg ab<\/p>\n","protected":false},"author":2,"featured_media":0,"parent":68,"menu_order":2,"comment_status":"closed","ping_status":"closed","template":"","meta":{"footnotes":""},"class_list":["post-612","page","type-page","status-publish","hentry"],"_links":{"self":[{"href":"https:\/\/burgblaeser.de\/wordpress\/wp-json\/wp\/v2\/pages\/612","targetHints":{"allow":["GET"]}}],"collection":[{"href":"https:\/\/burgblaeser.de\/wordpress\/wp-json\/wp\/v2\/pages"}],"about":[{"href":"https:\/\/burgblaeser.de\/wordpress\/wp-json\/wp\/v2\/types\/page"}],"author":[{"embeddable":true,"href":"https:\/\/burgblaeser.de\/wordpress\/wp-json\/wp\/v2\/users\/2"}],"replies":[{"embeddable":true,"href":"https:\/\/burgblaeser.de\/wordpress\/wp-json\/wp\/v2\/comments?post=612"}],"version-history":[{"count":4,"href":"https:\/\/burgblaeser.de\/wordpress\/wp-json\/wp\/v2\/pages\/612\/revisions"}],"predecessor-version":[{"id":617,"href":"https:\/\/burgblaeser.de\/wordpress\/wp-json\/wp\/v2\/pages\/612\/revisions\/617"}],"up":[{"embeddable":true,"href":"https:\/\/burgblaeser.de\/wordpress\/wp-json\/wp\/v2\/pages\/68"}],"wp:attachment":[{"href":"https:\/\/burgblaeser.de\/wordpress\/wp-json\/wp\/v2\/media?parent=612"}],"curies":[{"name":"wp","href":"https:\/\/api.w.org\/{rel}","templated":true}]}}