{"id":353,"date":"2023-06-12T19:57:06","date_gmt":"2023-06-12T17:57:06","guid":{"rendered":"https:\/\/burgblaeser.de\/wordpress\/?page_id=353"},"modified":"2023-09-15T13:33:21","modified_gmt":"2023-09-15T11:33:21","slug":"impressum","status":"publish","type":"page","link":"https:\/\/burgblaeser.de\/wordpress\/impressum\/","title":{"rendered":"Impressum"},"content":{"rendered":"\n<p>Burgbl\u00e4ser Rheinbreitbach<br>1. Vorsitzender:<br>Martin Dahmen<br>Im Sand 3<br>53619 Rheinbreitbach<br>02224-79 436<br>martin.dahmen (at) burgblaeser.de<br><\/p>\n\n\n\n<p>Haftungshinweis: Trotz sorgf\u00e4ltiger inhaltlicher Kontrolle \u00fcbernehmen wir keine Haftung f\u00fcr die Inhalte externer Links. F\u00fcr den Inhalt der verlinkten Seiten sind ausschlie\u00dflich deren Betreiber verantwortlich.<\/p>\n\n\n\n<h2 class=\"wp-block-heading\"><a href=\"https:\/\/burgblaeser.de\/index.php?topic=datenschutz\">Datenschutz<\/a><\/h2>\n\n\n\n<p>Planung und Umsetzung der Seite:<br>Marco Menden<br>Rheinstr. 51<br>53619 Rheinbreitbach<br>02224\/9884188<br>marcomenden (at) burgblaeser.de<br><br>Domain- und Webhosting durch<br><a rel=\"noreferrer noopener\" href=\"http:\/\/www.rhein-net.de\" target=\"_blank\">Rhein@Net<\/a> Internetdienstleistungen, Ansgar Federhen<br>D-53619 Rheinbreitbach, Hauptstra\u00dfe 55, burgblaeser (at) rhein-net.de<\/p>\n","protected":false},"excerpt":{"rendered":"<p>Burgbl\u00e4ser Rheinbreitbach1. Vorsitzender:Martin DahmenIm Sand 353619 Rheinbreitbach02224-79 436martin.dahmen (at) burgblaeser.de Haftungshinweis: Trotz sorgf\u00e4ltiger inhaltlicher Kontrolle \u00fcbernehmen wir keine Haftung f\u00fcr die Inhalte externer Links. F\u00fcr den Inhalt der verlinkten Seiten sind ausschlie\u00dflich deren Betreiber verantwortlich. Datenschutz Planung und Umsetzung der<\/p>\n","protected":false},"author":4,"featured_media":0,"parent":0,"menu_order":0,"comment_status":"closed","ping_status":"closed","template":"","meta":{"footnotes":""},"class_list":["post-353","page","type-page","status-publish","hentry"],"_links":{"self":[{"href":"https:\/\/burgblaeser.de\/wordpress\/wp-json\/wp\/v2\/pages\/353","targetHints":{"allow":["GET"]}}],"collection":[{"href":"https:\/\/burgblaeser.de\/wordpress\/wp-json\/wp\/v2\/pages"}],"about":[{"href":"https:\/\/burgblaeser.de\/wordpress\/wp-json\/wp\/v2\/types\/page"}],"author":[{"embeddable":true,"href":"https:\/\/burgblaeser.de\/wordpress\/wp-json\/wp\/v2\/users\/4"}],"replies":[{"embeddable":true,"href":"https:\/\/burgblaeser.de\/wordpress\/wp-json\/wp\/v2\/comments?post=353"}],"version-history":[{"count":4,"href":"https:\/\/burgblaeser.de\/wordpress\/wp-json\/wp\/v2\/pages\/353\/revisions"}],"predecessor-version":[{"id":409,"href":"https:\/\/burgblaeser.de\/wordpress\/wp-json\/wp\/v2\/pages\/353\/revisions\/409"}],"wp:attachment":[{"href":"https:\/\/burgblaeser.de\/wordpress\/wp-json\/wp\/v2\/media?parent=353"}],"curies":[{"name":"wp","href":"https:\/\/api.w.org\/{rel}","templated":true}]}}