{"id":32,"date":"2019-11-23T14:38:19","date_gmt":"2019-11-23T13:38:19","guid":{"rendered":"https:\/\/burgblaeser.de\/wordpress\/?page_id=32"},"modified":"2023-06-10T15:26:27","modified_gmt":"2023-06-10T13:26:27","slug":"wir-ueber-uns","status":"publish","type":"page","link":"https:\/\/burgblaeser.de\/wordpress\/wir-ueber-uns\/","title":{"rendered":"Wir \u00fcber uns"},"content":{"rendered":"\n<p>Die Burgbl\u00e4ser Rheinbreitbach bestehen zurzeit aus \u00fcber 30 aktiven Musikerinnen und Musikern, die jeden Dienstagabend um 19:30 Uhr in der Oberen Burg in Rheinbreitbach proben. Ob Christi Himmelfahrtsprozession auf den Koppel, Dorffeste wie das Parkfest oder die Kirmes, die Burgbl\u00e4ser sind traditionell mit von der Partie und sorgen f\u00fcr die musikalische Unterhaltung. Auch die mittlerweile immer wiederkehrenden Konzerte und das traditionelle Weihnachtsanstimmen auf dem Koppel stellen ein immer wiederkehrendes Highlight f\u00fcr uns und unser Publikum aus der ganzen Region dar.<\/p>\n\n\n<div class=\"wp-block-image\">\n<figure class=\"aligncenter size-large\"><img loading=\"lazy\" decoding=\"async\" width=\"1024\" height=\"682\" src=\"https:\/\/burgblaeser.de\/wordpress\/wp-content\/uploads\/2019\/11\/bb2019.jpg\" alt=\"\" class=\"wp-image-33\" srcset=\"https:\/\/burgblaeser.de\/wordpress\/wp-content\/uploads\/2019\/11\/bb2019.jpg 1024w, https:\/\/burgblaeser.de\/wordpress\/wp-content\/uploads\/2019\/11\/bb2019-300x200.jpg 300w, https:\/\/burgblaeser.de\/wordpress\/wp-content\/uploads\/2019\/11\/bb2019-768x512.jpg 768w\" sizes=\"auto, (max-width: 1024px) 100vw, 1024px\" \/><figcaption class=\"wp-element-caption\">Die Burgbl\u00e4ser 2019<\/figcaption><\/figure>\n<\/div>\n\n\n<p>Neben den vielen musikalischen Aktivit\u00e4ten kommen Spa\u00df und Gemeinschaft nat\u00fcrlich bei uns auch nicht zu kurz. Der allj\u00e4hrliche Wandertag, das Uhlesessen am Martinsabend oder die Weihnachtsfeier bereiten allen Beteiligten gro\u00dfen Spa\u00df und st\u00e4rken das Gruppengef\u00fchl ungemein. Dazu kommen gr\u00f6\u00dfere, mehrt\u00e4gige Ausfl\u00fcge der Jugend wie auch des gesamten Vereins, wie zum Beispiel Touren nach Dresden, London oder Paris.<\/p>\n\n\n\n<p>Dabei legen wir vor allem viel Wert auf das gegenseitige Generationenverst\u00e4ndnis. Denn die letzten 47 Jahre haben uns gezeigt, dass die Ideen der J\u00fcngeren und die Erfahrungen der \u00c4lteren zusammen ein Potential entfalten, auf dem wir heute unsere Erfolge aufbauen k\u00f6nnen. Daher sind wir auch f\u00fcr alle Altersklassen offen, die bei uns mitmachen m\u00f6chten. \u00dcber unsere Ausbildung erfahren Sie\u00a0<a href=\"http:\/\/index.php?topic=ausbildung\">hier<\/a>\u00a0mehr. Wir freuen uns auf Sie!<\/p>\n","protected":false},"excerpt":{"rendered":"<p>Die Burgbl\u00e4ser Rheinbreitbach bestehen zurzeit aus \u00fcber 30 aktiven Musikerinnen und Musikern, die jeden Dienstagabend um 19:30 Uhr in der Oberen Burg in Rheinbreitbach proben. Ob Christi Himmelfahrtsprozession auf den Koppel, Dorffeste wie das Parkfest oder die Kirmes, die Burgbl\u00e4ser<\/p>\n","protected":false},"author":1,"featured_media":0,"parent":0,"menu_order":1,"comment_status":"closed","ping_status":"closed","template":"","meta":{"footnotes":""},"class_list":["post-32","page","type-page","status-publish","hentry"],"_links":{"self":[{"href":"https:\/\/burgblaeser.de\/wordpress\/wp-json\/wp\/v2\/pages\/32","targetHints":{"allow":["GET"]}}],"collection":[{"href":"https:\/\/burgblaeser.de\/wordpress\/wp-json\/wp\/v2\/pages"}],"about":[{"href":"https:\/\/burgblaeser.de\/wordpress\/wp-json\/wp\/v2\/types\/page"}],"author":[{"embeddable":true,"href":"https:\/\/burgblaeser.de\/wordpress\/wp-json\/wp\/v2\/users\/1"}],"replies":[{"embeddable":true,"href":"https:\/\/burgblaeser.de\/wordpress\/wp-json\/wp\/v2\/comments?post=32"}],"version-history":[{"count":6,"href":"https:\/\/burgblaeser.de\/wordpress\/wp-json\/wp\/v2\/pages\/32\/revisions"}],"predecessor-version":[{"id":396,"href":"https:\/\/burgblaeser.de\/wordpress\/wp-json\/wp\/v2\/pages\/32\/revisions\/396"}],"wp:attachment":[{"href":"https:\/\/burgblaeser.de\/wordpress\/wp-json\/wp\/v2\/media?parent=32"}],"curies":[{"name":"wp","href":"https:\/\/api.w.org\/{rel}","templated":true}]}}